{"id":2178,"date":"2025-08-27T11:37:23","date_gmt":"2025-08-27T11:37:23","guid":{"rendered":"https:\/\/aourly.com\/om-oss\/"},"modified":"2026-04-14T08:30:25","modified_gmt":"2026-04-14T08:30:25","slug":"about","status":"publish","type":"page","link":"https:\/\/aourly.com\/en\/about\/","title":{"rendered":"About"},"content":{"rendered":"<section style=\"background-image:url(&#039;https:\/\/aourly.com\/app\/uploads\/2026\/02\/Kopia-av-01_newsletter_NEW_Aourly_new-scaled.jpg&#039;);background-position:50% 50%;background-size:cover;\" class=\"hero-section align wp-elements-6cf79464023ee9ece4f09fae96f4e442 wp-block-hero-section has-text-color has-off-white-color has-background has-primary-white-background-color\">\n  <div class=\"relative min-h-screen w-full overflow-hidden\">\n    \n    \n    <div class=\"relative z-10 flex flex-col justify-center min-h-screen max-w-content-sm pt-32 pb-16 md:pb-24 px-6 lg:px-25\">\n      <div class=\"flex flex-col gap-4 md:gap-8\">\n                  <h1 class=\"mb-0 tracking-tight\">\n                          <span class=\"block text-off-white\/60\"> <\/span>\n                                      <span class=\"block text-off-white\">Ett enklare liv som frilansande egenf\u00f6retagare<\/span>\n                      <\/h1>\n        \n                  <p class=\"text-off-white\/70 text-base md:text-xl leading-[1.3] max-w-[52.625rem]\">\n            Allt vi g\u00f6r handlar om att minimera stress och f\u00f6rb\u00e4ttra produktiviteten genom att f\u00f6renkla s\u00e4ttet man tar betalt f\u00f6r kompetens och tiden man l\u00e4gger p\u00e5 arbetet.\n          <\/p>\n        \n              <\/div>\n    <\/div>\n  <\/div>\n<\/section>\n\n\n<section class=\"brand-banner text-text-icon-primary bg-gradient-to-b from-gradient-start to-gradient-end wp-block-brand-banner\">\n\n  <div class=\"relative overflow-hidden px-6 xl:px-25 py-11 xl:py-30\">\n    \n    <div class=\"absolute inset-0 pointer-events-none\" aria-hidden=\"true\">\n      <img decoding=\"async\" src=\"https:\/\/aourly.com\/app\/themes\/aourly-theme\/public\/build\/assets\/brand-banner-logo-Co9ezp1t.svg\" class=\"absolute max-md:px-3 md:left-8 h-full\">\n      <img decoding=\"async\" src=\"https:\/\/aourly.com\/app\/themes\/aourly-theme\/public\/build\/assets\/brand-banner-logo-Co9ezp1t.svg\" class=\"max-xl:hidden absolute top-1\/2 right-20 h-8\/10 -translate-y-1\/2\">\n    <\/div>\n\n    \n    <div class=\"relative z-10 max-w-content-sm\">\n      <div class=\"block-heading\">\n        <div class=\"acf-innerblocks-container\">\n\n<h3 class=\"wp-block-heading\">Vi vill f\u00f6rnekla livet f\u00f6r miljontals<\/h3>\n\n\n\n<p>Aourly f\u00f6ddes ur en enkel fr\u00e5ga:&nbsp;Varf\u00f6r finns det ingen bra l\u00f6sning som knyter ihop tidrapportering, utl\u00e4gg och fakturering som fokuserar p\u00e5 de som faktiskt utf\u00f6r uppdragen?<\/p>\n\n\n\n<p>De flesta tidrapporteringssystem \u00e4r byggda f\u00f6r 90-talets storbolag. Komplicerade, tr\u00f6ga och l\u00e5ngt ifr\u00e5n den vardag en modern konsult lever i. Samtidigt finns m\u00e4ngder av smarta appar f\u00f6r utl\u00e4gg och fakturor \u2013 men inget som samlar allt p\u00e5 ett st\u00e4lle.<\/p>\n\n\n\n<p>F\u00f6r konsulter \u00e4r tid den viktigaste tillg\u00e5ngen.<\/p>\n\n\n\n<p>Aourly \u00e4r skapat f\u00f6r dig som fakturerar via eget f\u00f6retag. En modern, avskalad app som har samlat allt du beh\u00f6ver f\u00f6r uppdrag, tidrapportering, fakturering, utl\u00e4gg och bokf\u00f6ring. Allt f\u00f6r att g\u00f6ra det enkelt f\u00f6r dig att vara professionell.&nbsp;<\/p>\n\n\n\n<p><strong>L\u00e4gg mindre tid p\u00e5 admin och mer tid p\u00e5 det du \u00e4lskar.<\/strong><\/p>\n\n<\/div>\n      <\/div>\n    <\/div>\n  <\/div>\n\n  <\/section>\n\n\n<section class=\"content-image text-text-icon-primary wp-block-content-image\">\n\n  <div class=\"grid grid-cols-1 md:grid-cols-10 gap-6 md:gap-10 px-6 xl:px-25 py-11 xl:py-30\">\n    <div class=\"md:col-span-7 only:col-span-10 md:flex flex-col justify-center md:order-last\">\n      <div class=\"block-heading max-w-content mx-auto mb-10 md:mb-14.5\">\n        <div class=\"acf-innerblocks-container\">\n\n<h3 class=\"wp-block-heading\">Egenf\u00f6retagare som v\u00e4xande arbetsform<\/h3>\n\n\n\n<p>Konsultarbete har g\u00e5tt fr\u00e5n att vara en st\u00f6dfunktion eller interimsl\u00f6sning till att bli en sj\u00e4lvklar och attraktiv del av det moderna arbetslivet. Men arbetsverktygen har inte h\u00e4ngt med. Det har l\u00e4nge saknats en tj\u00e4nst skapad f\u00f6r den snabbt v\u00e4xande m\u00e5lgruppens specifika behov.<br><br>Genom att erbjuda en modern, skr\u00e4ddarsydd helhetsl\u00f6sning f\u00f6renklar vi inte bara livet f\u00f6r miljontals egenf\u00f6retagare \u2013 vi \u00e4r med och formar framtidens arbetsmarknad.<\/p>\n\n<\/div>\n      <\/div>\n    <\/div>\n          <div class=\"md:col-span-3 md:order-first\">\n        <img decoding=\"async\" src=\"https:\/\/aourly.com\/app\/uploads\/2025\/10\/u7175536316_A_happy_freelance_consultant_working_on_a_laptop__18ae5e17-6e44-4951-9e55-56af5b3d0166_0.png\" alt=\"\" draggable=\"false\" class=\"w-full aspect-square object-cover rounded-4xl\">\n      <\/div>\n      <\/div>\n\n  <\/section>\n\n\n<section class=\"content-image text-text-icon-primary wp-block-content-image\">\n\n  <div class=\"grid grid-cols-1 md:grid-cols-10 gap-6 md:gap-10 px-6 xl:px-25 py-11 xl:py-30\">\n    <div class=\"md:col-span-7 only:col-span-10 md:flex flex-col justify-center \">\n      <div class=\"block-heading max-w-content mx-auto mb-10 md:mb-14.5\">\n        <div class=\"acf-innerblocks-container\">\n\n<h3 class=\"wp-block-heading\">Det borde vara enklare att vara professionell<\/h3>\n\n\n\n<p>I takt med att projektanst\u00e4llningar \u00f6kar, g\u00f6r ocks\u00e5 kraven det. Samtidigt \u00e4r det mycket att h\u00e5lla koll p\u00e5 f\u00f6r den som driver eget. Aourly \u00e4r en modern helhetsl\u00f6sning som ger full kontroll och hj\u00e4lper dig att arbeta professionellt fr\u00e5n start till slut.<br><br>Med smidig tidrapportering och tydliga fakturor f\u00f6r uppdrag s\u00e4kerst\u00e4ller du n\u00f6jda kunder och \u00f6kad trygghet.<br><br>AI-drivna arbetsfl\u00f6den och smarta att-g\u00f6ra-listor ser till att inget faller mellan stolarna.<\/p>\n\n<\/div>\n      <\/div>\n    <\/div>\n          <div class=\"md:col-span-3 \">\n        <img decoding=\"async\" src=\"https:\/\/aourly.com\/app\/uploads\/2026\/02\/place_a_phone_in_his_hand_have_Nano_Banana_Pro_13111-scaled-e1772187163402.jpg\" alt=\"\" draggable=\"false\" class=\"w-full aspect-square object-cover rounded-4xl\">\n      <\/div>\n      <\/div>\n\n  <\/section>\n\n\n<section class=\"text-text-icon-primary bg-gradient-to-b from-gradient-start to-gradient-end align wp-block-team-section\">\n    \n  <div class=\"space-y-11 xl:space-y-25 px-6 xl:px-25 py-11 xl:py-25\">\n    <div class=\"max-w-content-md mx-auto\">\n      <div class=\"acf-innerblocks-container\">\n\n<h3 class=\"wp-block-heading has-text-align-center\">Teamet<\/h3>\n\n\n\n<p class=\"has-text-align-center\">Aourly \u00e4r skapat av egenf\u00f6retagare, f\u00f6r egenf\u00f6retagare. Vi vet hur mycket tid och energi kr\u00e5nglig admin kan stj\u00e4la. Men vi vet ocks\u00e5 vilken otrolig frihet och gl\u00e4dje det inneb\u00e4r att vara sin egen.\u00a0<\/p>\n\n\n\n<p class=\"has-text-align-center\">Med Aourly vill vi bidra till att egenf\u00f6retagare blir \u00e4nnu friare. Och att fler m\u00e4nniskor som l\u00e4ngtar efter att driva eget v\u00e5gar ta klivet \u2013 utan att oroa sig f\u00f6r kr\u00e5ngliga system och administrationen.<\/p>\n\n<\/div>\n    <\/div>\n\n    <div class=\"flex overflow-x-auto gap-3 md:gap-10 snap-x touch-pan-auto content:-mx-4 scroll-smooth\">\n              <div\n          class=\"min-w-card-min max-w-96 px-4 md:px-6 py-16 md:py-[4.3125rem] flex-1 flex flex-col gap-8 md:gap-11.5 overflow-hidden bg-team-card snap-center min-h-full rounded-3xl transition-all duration-500 first:ml-slider-margin last:mr-slider-margin\"\n          data-index=\"0\"\n        >\n                      <img decoding=\"async\" class=\"aspect-square object-cover min-w-36 rounded-full mx-5 xl:mx-10\" src=\"https:\/\/aourly.com\/app\/uploads\/2025\/08\/Skarmavbild-2025-08-27-kl.-13.33.59.png\" alt=\"\" draggable=\"false\">\n                    <div class=\"flex-1 *:!leading-8 spacing-y-6 text-black *:!mb-0 text-center\">\n            <h5>Johan Hanson<\/h5>\n<p>VD &amp; Grundare<\/p>\n<p>&nbsp;<\/p>\n\n          <\/div>\n        <\/div>\n              <div\n          class=\"min-w-card-min max-w-96 px-4 md:px-6 py-16 md:py-[4.3125rem] flex-1 flex flex-col gap-8 md:gap-11.5 overflow-hidden bg-team-card snap-center min-h-full rounded-3xl transition-all duration-500 first:ml-slider-margin last:mr-slider-margin\"\n          data-index=\"1\"\n        >\n                      <img decoding=\"async\" class=\"aspect-square object-cover min-w-36 rounded-full mx-5 xl:mx-10\" src=\"https:\/\/aourly.com\/app\/uploads\/2025\/08\/Skarmavbild-2025-08-27-kl.-13.34.05.png\" alt=\"\" draggable=\"false\">\n                    <div class=\"flex-1 *:!leading-8 spacing-y-6 text-black *:!mb-0 text-center\">\n            <h6>Love Sahlin<\/h6>\n<p>COO &amp; Medgrundare<\/p>\n<p>&nbsp;<\/p>\n\n          <\/div>\n        <\/div>\n              <div\n          class=\"min-w-card-min max-w-96 px-4 md:px-6 py-16 md:py-[4.3125rem] flex-1 flex flex-col gap-8 md:gap-11.5 overflow-hidden bg-team-card snap-center min-h-full rounded-3xl transition-all duration-500 first:ml-slider-margin last:mr-slider-margin\"\n          data-index=\"2\"\n        >\n                      <img decoding=\"async\" class=\"aspect-square object-cover min-w-36 rounded-full mx-5 xl:mx-10\" src=\"https:\/\/aourly.com\/app\/uploads\/2025\/08\/Skarmavbild-2025-08-27-kl.-13.34.10.png\" alt=\"\" draggable=\"false\">\n                    <div class=\"flex-1 *:!leading-8 spacing-y-6 text-black *:!mb-0 text-center\">\n            <h5>Tommie Lagerroos<\/h5>\n<p>CTO &amp; Medgrundare<\/p>\n<p>&nbsp;<\/p>\n\n          <\/div>\n        <\/div>\n              <div\n          class=\"min-w-card-min max-w-96 px-4 md:px-6 py-16 md:py-[4.3125rem] flex-1 flex flex-col gap-8 md:gap-11.5 overflow-hidden bg-team-card snap-center min-h-full rounded-3xl transition-all duration-500 first:ml-slider-margin last:mr-slider-margin\"\n          data-index=\"3\"\n        >\n                      <img decoding=\"async\" class=\"aspect-square object-cover min-w-36 rounded-full mx-5 xl:mx-10\" src=\"https:\/\/aourly.com\/app\/uploads\/2025\/08\/Skarmavbild-2025-08-27-kl.-13.34.15.png\" alt=\"\" draggable=\"false\">\n                    <div class=\"flex-1 *:!leading-8 spacing-y-6 text-black *:!mb-0 text-center\">\n            <h5>Amanda Edfeldt<\/h5>\n<p>CMO (Deltid)<\/p>\n<p>&nbsp;<\/p>\n\n          <\/div>\n        <\/div>\n          <\/div>\n  <\/div>\n  <\/section>\n\n\n<section class=\"text-text-icon-primary bg-gradient-to-b from-gradient-start to-gradient-end align wp-block-team-section\">\n    \n  <div class=\"space-y-11 xl:space-y-25 px-6 xl:px-25 py-11 xl:py-25\">\n    <div class=\"max-w-content-md mx-auto\">\n      <div class=\"acf-innerblocks-container\">\n\n<h3 class=\"wp-block-heading has-text-align-center\">Styrelsen<\/h3>\n\n\n\n<p class=\"has-text-align-center\">Ut\u00f6ver Johan Hanson och Love Sahlin som arbetar operativt s\u00e5 best\u00e5r styrelsen av personer med stark vilja att bidra till en positiv f\u00f6r\u00e4ndring och f\u00f6rb\u00e4ttraing  och att Aourly utvecklas i linje med vad marknaden efterfr\u00e5gan.<\/p>\n\n<\/div>\n    <\/div>\n\n    <div class=\"flex overflow-x-auto gap-3 md:gap-10 snap-x touch-pan-auto content:-mx-4 scroll-smooth\">\n              <div\n          class=\"min-w-card-min max-w-96 px-4 md:px-6 py-16 md:py-[4.3125rem] flex-1 flex flex-col gap-8 md:gap-11.5 overflow-hidden bg-team-card snap-center min-h-full rounded-3xl transition-all duration-500 first:ml-slider-margin last:mr-slider-margin\"\n          data-index=\"0\"\n        >\n                      <img decoding=\"async\" class=\"aspect-square object-cover min-w-36 rounded-full mx-5 xl:mx-10\" src=\"https:\/\/aourly.com\/app\/uploads\/2025\/08\/Skarmavbild-2025-08-27-kl.-13.34.27.png\" alt=\"\" draggable=\"false\">\n                    <div class=\"flex-1 *:!leading-8 spacing-y-6 text-black *:!mb-0 text-center\">\n            <h5>Tobias Stenberg<\/h5>\n<p>Styrelseordf\u00f6rande<\/p>\n<pre id=\"tw-target-text\" class=\"tw-data-text tw-text-large tw-ta\" dir=\"ltr\" tabindex=\"-1\" role=\"text\" data-placeholder=\"\u00d6vers\u00e4ttning\" data-ved=\"2ahUKEwj0yJzG1OqTAxUkFxAIHQGXE-sQ3ewLegQIDBAV\" aria-label=\"\u00d6versatt text: Erfaren entrepren\u00f6r och intrapren\u00f6r sedan \u00e5r 2000, med en meritlista av 5 grundade f\u00f6retag, genererat \u00f6ver 100 jobbm\u00f6jligheter och levererat mer \u00e4n 100 000 tj\u00e4nster och produkter.\"><\/pre>\n\n          <\/div>\n        <\/div>\n              <div\n          class=\"min-w-card-min max-w-96 px-4 md:px-6 py-16 md:py-[4.3125rem] flex-1 flex flex-col gap-8 md:gap-11.5 overflow-hidden bg-team-card snap-center min-h-full rounded-3xl transition-all duration-500 first:ml-slider-margin last:mr-slider-margin\"\n          data-index=\"1\"\n        >\n                      <img decoding=\"async\" class=\"aspect-square object-cover min-w-36 rounded-full mx-5 xl:mx-10\" src=\"https:\/\/aourly.com\/app\/uploads\/2025\/08\/Skarmavbild-2025-08-27-kl.-13.34.32.png\" alt=\"\" draggable=\"false\">\n                    <div class=\"flex-1 *:!leading-8 spacing-y-6 text-black *:!mb-0 text-center\">\n            <h5>Anna Leijon<\/h5>\n<p>Styrelseledamot<\/p>\n\n          <\/div>\n        <\/div>\n          <\/div>\n  <\/div>\n  <\/section>\n","protected":false},"excerpt":{"rendered":"","protected":false},"author":2,"featured_media":0,"parent":0,"menu_order":0,"comment_status":"closed","ping_status":"closed","template":"","meta":{"_acf_changed":false,"footnotes":""},"class_list":["post-2178","page","type-page","status-publish","hentry"],"acf":[],"_links":{"self":[{"href":"https:\/\/aourly.com\/en\/wp-json\/wp\/v2\/pages\/2178","targetHints":{"allow":["GET"]}}],"collection":[{"href":"https:\/\/aourly.com\/en\/wp-json\/wp\/v2\/pages"}],"about":[{"href":"https:\/\/aourly.com\/en\/wp-json\/wp\/v2\/types\/page"}],"author":[{"embeddable":true,"href":"https:\/\/aourly.com\/en\/wp-json\/wp\/v2\/users\/2"}],"replies":[{"embeddable":true,"href":"https:\/\/aourly.com\/en\/wp-json\/wp\/v2\/comments?post=2178"}],"version-history":[{"count":1,"href":"https:\/\/aourly.com\/en\/wp-json\/wp\/v2\/pages\/2178\/revisions"}],"predecessor-version":[{"id":2189,"href":"https:\/\/aourly.com\/en\/wp-json\/wp\/v2\/pages\/2178\/revisions\/2189"}],"wp:attachment":[{"href":"https:\/\/aourly.com\/en\/wp-json\/wp\/v2\/media?parent=2178"}],"curies":[{"name":"wp","href":"https:\/\/api.w.org\/{rel}","templated":true}]}}