{"id":2179,"date":"2025-09-11T12:41:22","date_gmt":"2025-09-11T12:41:22","guid":{"rendered":"https:\/\/aourly.com\/produkt\/"},"modified":"2026-04-14T08:30:39","modified_gmt":"2026-04-14T08:30:39","slug":"product","status":"publish","type":"page","link":"https:\/\/aourly.com\/en\/product\/","title":{"rendered":"Product"},"content":{"rendered":"<section style=\"background-image:url(&#039;https:\/\/aourly.com\/app\/uploads\/2026\/02\/Kopia-av-01_newsletter_NEW_Aourly_new-scaled.jpg&#039;);background-position:60% 57.99999999999999%;background-size:cover;\" class=\"hero-section align wp-elements-426280f54c61a13d4933c95f200be0c4 wp-block-hero-section has-text-color has-off-white-color has-background has-primary-white-background-color\">\n  <div class=\"relative min-h-screen w-full overflow-hidden\">\n    \n    \n    <div class=\"relative z-10 flex flex-col justify-center min-h-screen max-w-content-sm pt-32 pb-16 md:pb-24 px-6 lg:px-25\">\n      <div class=\"flex flex-col gap-4 md:gap-8\">\n                  <h1 class=\"mb-0 tracking-tight\">\n                          <span class=\"block text-off-white\/60\"> <\/span>\n                                      <span class=\"block text-off-white\">Driv din verksamhet.\u2028P\u00e5 ett st\u00e4lle.<\/span>\n                      <\/h1>\n        \n                  <p class=\"text-off-white\/70 text-base md:text-xl leading-[1.3] max-w-[52.625rem]\">\n            Frilansappen f\u00f6r egenf\u00f6retagare som vill slippa administration och enkelt kunna betalt f\u00f6r tid.\n          <\/p>\n        \n              <\/div>\n    <\/div>\n  <\/div>\n<\/section>\n\n\n<section class=\"image-cards-section text-text-icon-primary bg-gradient-to-b from-gradient-start to-gradient-end align wp-block-image-cards-section\">\n\n    <div class=\"max-w-content mx-auto px-6 xl:px-25 py-11 xl:py-30\">\n      <div class=\"block-heading max-w-content mx-auto mb-10 md:mb-14.5 text-center\">\n        <div class=\"acf-innerblocks-container\">\n\n<h3 class=\"wp-block-heading\">Din vardag, f\u00f6renklad<\/h3>\n\n\n\n<p>Allt du beh\u00f6ver f\u00f6r att hantera kunder och uppdrag professionellt<\/p>\n\n<\/div>\n      <\/div>\n\n      <div class=\"grid grid-cols-1 lg:grid-cols-2 gap-6\">\n                  <div class=\"flex flex-col items-center gap-3 rounded-3xl bg-sky-blue-100 px-6 py-14\">\n                          <div class=\"relative aspect-square max-w-60 w-full overflow-hidden rounded-t-2xl mb-9 bg-no-repeat bg-[position:top_center] bg-cover\"\n                   style=\"background-image: url('https:\/\/aourly.com\/app\/uploads\/2026\/04\/Gigs.png')\"\n                   role=\"img\"\n                   aria-label=\"\"\n              >\n                <div class=\"absolute inset-x-0 bottom-0 h-1\/10 bg-gradient-to-b from-transparent to-sky-blue-100\"><\/div>\n              <\/div>\n                        <h5 class=\"text-center text-xl !mb-0\">Hantera dina uppdrag<\/h5>\n            <p class=\"text-center text-base opacity-80 !mb-0\">Skapa och samla uppdrag, oavsett motpart<\/p>\n          <\/div>\n                  <div class=\"flex flex-col items-center gap-3 rounded-3xl bg-sky-blue-100 px-6 py-14\">\n                          <div class=\"relative aspect-square max-w-60 w-full overflow-hidden rounded-t-2xl mb-9 bg-no-repeat bg-[position:top_center] bg-cover\"\n                   style=\"background-image: url('https:\/\/aourly.com\/app\/uploads\/2026\/04\/Log-time.png')\"\n                   role=\"img\"\n                   aria-label=\"\"\n              >\n                <div class=\"absolute inset-x-0 bottom-0 h-1\/10 bg-gradient-to-b from-transparent to-sky-blue-100\"><\/div>\n              <\/div>\n                        <h5 class=\"text-center text-xl !mb-0\">Sp\u00e5ra din tid<\/h5>\n            <p class=\"text-center text-base opacity-80 !mb-0\">Planera och logga tid enligt enligt \u00f6nskem\u00e5l<\/p>\n          <\/div>\n                  <div class=\"flex flex-col items-center gap-3 rounded-3xl bg-sky-blue-100 px-6 py-14\">\n                          <div class=\"relative aspect-square max-w-60 w-full overflow-hidden rounded-t-2xl mb-9 bg-no-repeat bg-[position:top_center] bg-cover\"\n                   style=\"background-image: url('https:\/\/aourly.com\/app\/uploads\/2026\/04\/Expense.png')\"\n                   role=\"img\"\n                   aria-label=\"\"\n              >\n                <div class=\"absolute inset-x-0 bottom-0 h-1\/10 bg-gradient-to-b from-transparent to-sky-blue-100\"><\/div>\n              <\/div>\n                        <h5 class=\"text-center text-xl !mb-0\">F\u00e5 koll p\u00e5 utgifter<\/h5>\n            <p class=\"text-center text-base opacity-80 !mb-0\">F\u00f6lj b\u00e5de int\u00e4kter och kostnader med smidig utl\u00e4ggshantering<\/p>\n          <\/div>\n                  <div class=\"flex flex-col items-center gap-3 rounded-3xl bg-sky-blue-100 px-6 py-14\">\n                          <div class=\"relative aspect-square max-w-60 w-full overflow-hidden rounded-t-2xl mb-9 bg-no-repeat bg-[position:top_center] bg-cover\"\n                   style=\"background-image: url('https:\/\/aourly.com\/app\/uploads\/2026\/04\/Invoice-1.png')\"\n                   role=\"img\"\n                   aria-label=\"\"\n              >\n                <div class=\"absolute inset-x-0 bottom-0 h-1\/10 bg-gradient-to-b from-transparent to-sky-blue-100\"><\/div>\n              <\/div>\n                        <h5 class=\"text-center text-xl !mb-0\">Fakturera dina kunder<\/h5>\n            <p class=\"text-center text-base opacity-80 !mb-0\">Skapa professionella fakturor med b\u00e5de tid och utl\u00e4gg utan kr\u00e5ngel<\/p>\n          <\/div>\n              <\/div>\n    <\/div>\n\n  <\/section>\n\n\n\n<div style=\"height:0px\" aria-hidden=\"true\" class=\"wp-block-spacer\"><\/div>\n\n\n\n<h3 class=\"wp-block-heading has-text-align-center product-bookeeping-title has-heading-h-3-font-size\">F\u00f6renkla bokf\u00f6ringen<\/h3>\n\n\n\n<p class=\"has-text-align-center product-bookeeping-description\">Koppla ihop Aourly med verktygen du redan anv\u00e4nder<\/p>\n\n\n<section class=\"content-image text-text-icon-primary wp-block-content-image\">\n\n  <div class=\"grid grid-cols-1 md:grid-cols-10 gap-6 md:gap-10 px-6 xl:px-25 py-11 xl:py-30\">\n    <div class=\"md:col-span-7 only:col-span-10 md:flex flex-col justify-center \">\n      <div class=\"block-heading max-w-content mx-auto mb-10 md:mb-14.5\">\n        <div class=\"acf-innerblocks-container\">\n\n<h3 class=\"wp-block-heading\">Optimera bokf\u00f6ringen<\/h3>\n\n\n\n<p>Aourly \u00e4r en k\u00e4lla som bidrar med underlag och kan enkelt integreras med bokf\u00f6ringsprogram f\u00f6r att undvika dubbelarbete och stressande aprop\u00e5er fr\u00e5n din byr\u00e5.<br><br>Vi ut\u00f6kar kontinuerligt utbud av olika integrationer.<\/p>\n\n<\/div>\n      <\/div>\n    <\/div>\n          <div class=\"md:col-span-3 \">\n        <img decoding=\"async\" src=\"https:\/\/aourly.com\/app\/uploads\/2026\/04\/cd2cfec3c9cca4c04a52db31c05ed97c1fe8d51a.jpg\" alt=\"\" draggable=\"false\" class=\"w-full aspect-square object-cover rounded-4xl\">\n      <\/div>\n      <\/div>\n\n  <\/section>\n\n\n<section class=\"content-image text-text-icon-primary wp-block-content-image\">\n\n  <div class=\"grid grid-cols-1 md:grid-cols-10 gap-6 md:gap-10 px-6 xl:px-25 py-11 xl:py-30\">\n    <div class=\"md:col-span-7 only:col-span-10 md:flex flex-col justify-center \">\n      <div class=\"block-heading max-w-content mx-auto mb-10 md:mb-14.5\">\n        <div class=\"acf-innerblocks-container\">\n\n<h3 class=\"wp-block-heading\">Koppla din bank<\/h3>\n\n\n\n<p>L\u00e4gg till bankkoppling f\u00f6r b\u00e4ttre \u00f6verblick, automatiserade fl\u00f6den f\u00f6r utl\u00e4gg, m\u00f6jlighet att f\u00f6lja betalningar och f\u00f6renkla administrationen kring ekonomin.<br><br>Kommer snart.<\/p>\n\n<\/div>\n      <\/div>\n    <\/div>\n          <div class=\"md:col-span-3 \">\n        <img decoding=\"async\" src=\"https:\/\/aourly.com\/app\/uploads\/2026\/04\/app-img.jpg\" alt=\"\" draggable=\"false\" class=\"w-full aspect-square object-cover rounded-4xl\">\n      <\/div>\n      <\/div>\n\n  <\/section>\n\n\n<section class=\"logo-banner text-text-icon-primary bg-gradient-to-b from-gradient-start to-gradient-end wp-block-logo-banner\">\n\n    <div class=\"max-w-content-sm mx-auto px-6 xl:px-25 py-11 xl:py-30\">\n      <div class=\"block-heading max-w-content-sm mx-auto mb-10 md:mb-14.5 text-center\">\n        <div class=\"acf-innerblocks-container\">\n\n<h3 class=\"wp-block-heading\">Partners<\/h3>\n\n\n\n<p>Ta del av utvalda erbjudanden fr\u00e5n v\u00e5ra partners \u2013 anpassade f\u00f6r din vardag som egenf\u00f6retagare.<\/p>\n\n<\/div>\n      <\/div>\n\n              <div class=\"flex justify-center items-center flex-wrap gap-x-8 gap-y-8 \">\n                      <embed class=\"h-10\" src=\"https:\/\/aourly.com\/app\/uploads\/2026\/04\/techlove.svg\">\n                      <embed class=\"h-10\" src=\"https:\/\/aourly.com\/app\/uploads\/2026\/04\/Worknode-scaled.png\">\n                      <embed class=\"h-10\" src=\"https:\/\/aourly.com\/app\/uploads\/2026\/04\/Fortnox.png\">\n                  <\/div>\n          <\/div>\n\n  <\/section>\n\n\n<section style=\"background-image:url(&#039;https:\/\/aourly.com\/app\/uploads\/2026\/04\/0dd8f49de147e17ce74e411d16ee910c0bcb3666.png&#039;);background-size:cover;\" class=\"centered-content text-off-white align wp-block-centered-content has-background\">\n  <div class=\"relative min-h-screen w-full z-5 px-6 py-11 lg:p-25 flex flex-col justify-center items-center text-center lg:items-end lg:text-right\">\n    <div class=\"grid gap-6\">\n      <div class=\"w-full max-w-content-sm\">\n        <div class=\"acf-innerblocks-container\">\n\n<h3 class=\"wp-block-heading\">Testa Aourly kostnadsfritt i 7 dagar<\/h3>\n\n<\/div>\n      <\/div>\n      <div class=\"flex gap-4 flex-wrap justify-center\">\n                  \n                  <a href=\"https:\/\/app.aourly.com\" class=\"inline-flex items-center justify-center px-6 md:px-8 py-3 md:py-4 rounded-full font-medium text-base md:text-lg leading-[0.8] transition-all duration-300 hover:scale-105 whitespace-nowrap cursor-pointer no-underline border border-off-white bg-off-white !text-black\">\n            Ladda ner appen\n          <\/a>\n                    <\/div>\n\n            <\/div>\n  <\/div>\n\n  <\/section>\n","protected":false},"excerpt":{"rendered":"<p>F\u00f6renkla bokf\u00f6ringen Koppla ihop Aourly med verktygen du redan anv\u00e4nder<\/p>\n","protected":false},"author":2,"featured_media":0,"parent":0,"menu_order":0,"comment_status":"closed","ping_status":"closed","template":"","meta":{"_acf_changed":false,"footnotes":""},"class_list":["post-2179","page","type-page","status-publish","hentry"],"acf":[],"_links":{"self":[{"href":"https:\/\/aourly.com\/en\/wp-json\/wp\/v2\/pages\/2179","targetHints":{"allow":["GET"]}}],"collection":[{"href":"https:\/\/aourly.com\/en\/wp-json\/wp\/v2\/pages"}],"about":[{"href":"https:\/\/aourly.com\/en\/wp-json\/wp\/v2\/types\/page"}],"author":[{"embeddable":true,"href":"https:\/\/aourly.com\/en\/wp-json\/wp\/v2\/users\/2"}],"replies":[{"embeddable":true,"href":"https:\/\/aourly.com\/en\/wp-json\/wp\/v2\/comments?post=2179"}],"version-history":[{"count":1,"href":"https:\/\/aourly.com\/en\/wp-json\/wp\/v2\/pages\/2179\/revisions"}],"predecessor-version":[{"id":2190,"href":"https:\/\/aourly.com\/en\/wp-json\/wp\/v2\/pages\/2179\/revisions\/2190"}],"wp:attachment":[{"href":"https:\/\/aourly.com\/en\/wp-json\/wp\/v2\/media?parent=2179"}],"curies":[{"name":"wp","href":"https:\/\/api.w.org\/{rel}","templated":true}]}}